{"id":14,"date":"2025-08-28T18:16:22","date_gmt":"2025-08-28T18:16:22","guid":{"rendered":"https:\/\/sportsreunisbelfortains.fr\/?page_id=14"},"modified":"2025-09-02T20:02:34","modified_gmt":"2025-09-02T20:02:34","slug":"a-propos","status":"publish","type":"page","link":"https:\/\/sportsreunisbelfortains.fr\/?page_id=14","title":{"rendered":"A propos"},"content":{"rendered":"\n<div class=\"wp-block-group alignfull has-global-padding is-content-justification-right is-layout-constrained wp-container-core-group-is-layout-3afb25b4 wp-block-group-is-layout-constrained\" style=\"margin-top:0;margin-bottom:0\">\n<div style=\"height:var(--wp--preset--spacing--40)\" aria-hidden=\"true\" class=\"wp-block-spacer\"><\/div>\n\n\n\n<div class=\"wp-block-columns alignwide are-vertically-aligned-center is-layout-flex wp-container-core-columns-is-layout-28f84493 wp-block-columns-is-layout-flex\">\n<div class=\"wp-block-column is-vertically-aligned-center is-layout-flow wp-block-column-is-layout-flow\" style=\"flex-basis:70%\">\n<h2 class=\"wp-block-heading alignwide\">Sports R\u00e9unis Belfortains<\/h2>\n\n\n\n<p class=\"has-medium-font-size\">Bienvenue sur le site officiel du Sport R\u00e9unis Belfortains ! Ici, nous sommes passionn\u00e9s par le sport sous toutes ses formes et nous croyons fermement en la puissance du collectif. Notre association regroupe une multitude de disciplines et s\u2019adresse \u00e0 tous : des jeunes sportifs en herbe aux athl\u00e8tes confirm\u00e9s, en passant par les amateurs et les familles.<\/p>\n\n\n\n<p class=\"has-medium-font-size\">Nous avons pour mission de promouvoir le sport et ses valeurs au sein de notre belle ville de Belfort, en offrant un espace de partage, de convivialit\u00e9 et de d\u00e9passement de soi. Que vous souhaitiez pratiquer une nouvelle activit\u00e9, participer \u00e0 des \u00e9v\u00e9nements ou rejoindre notre communaut\u00e9 dynamique, vous trouverez ici toutes les informations n\u00e9cessaires pour vous engager et vous \u00e9panouir.<\/p>\n\n\n\n<p class=\"has-medium-font-size\">Explorez notre site pour d\u00e9couvrir nos diff\u00e9rentes sections, nos \u00e9v\u00e9nements \u00e0 venir, et plongez dans l\u2019univers du Sport R\u00e9unis Belfortain ! Ensemble, cultivons l\u2019esprit d\u2019\u00e9quipe et c\u00e9l\u00e9brons la passion du sport !<\/p>\n<\/div>\n\n\n\n<div class=\"wp-block-column is-vertically-aligned-center is-layout-flow wp-block-column-is-layout-flow\" style=\"flex-basis:400px\">\n<figure class=\"wp-block-image size-full is-resized has-custom-border\"><img decoding=\"async\" src=\"https:\/\/amaniyounes246.wordpress.com\/wp-content\/uploads\/2024\/09\/centre-benoit-frachon.png\" alt=\"\" class=\"has-border-color has-theme-1-border-color wp-image-22\" style=\"border-radius:100em;object-fit:cover;width:400px;height:400px\"\/><\/figure>\n<\/div>\n<\/div>\n<\/div>\n","protected":false},"excerpt":{"rendered":"<p>Sports R\u00e9unis Belfortains Bienvenue sur le site officiel du Sport R\u00e9unis Belfortains ! Ici, nous sommes passionn\u00e9s par le sport sous toutes ses formes et nous croyons fermement en la puissance du collectif. Notre association regroupe une multitude de disciplines et s\u2019adresse \u00e0 tous : des jeunes sportifs en herbe aux athl\u00e8tes confirm\u00e9s, en passant [&hellip;]<\/p>\n","protected":false},"author":1,"featured_media":0,"parent":0,"menu_order":3,"comment_status":"closed","ping_status":"closed","template":"","meta":{"footnotes":""},"class_list":["post-14","page","type-page","status-publish","hentry"],"jetpack_sharing_enabled":true,"_links":{"self":[{"href":"https:\/\/sportsreunisbelfortains.fr\/index.php?rest_route=\/wp\/v2\/pages\/14","targetHints":{"allow":["GET"]}}],"collection":[{"href":"https:\/\/sportsreunisbelfortains.fr\/index.php?rest_route=\/wp\/v2\/pages"}],"about":[{"href":"https:\/\/sportsreunisbelfortains.fr\/index.php?rest_route=\/wp\/v2\/types\/page"}],"author":[{"embeddable":true,"href":"https:\/\/sportsreunisbelfortains.fr\/index.php?rest_route=\/wp\/v2\/users\/1"}],"replies":[{"embeddable":true,"href":"https:\/\/sportsreunisbelfortains.fr\/index.php?rest_route=%2Fwp%2Fv2%2Fcomments&post=14"}],"version-history":[{"count":4,"href":"https:\/\/sportsreunisbelfortains.fr\/index.php?rest_route=\/wp\/v2\/pages\/14\/revisions"}],"predecessor-version":[{"id":144,"href":"https:\/\/sportsreunisbelfortains.fr\/index.php?rest_route=\/wp\/v2\/pages\/14\/revisions\/144"}],"wp:attachment":[{"href":"https:\/\/sportsreunisbelfortains.fr\/index.php?rest_route=%2Fwp%2Fv2%2Fmedia&parent=14"}],"curies":[{"name":"wp","href":"https:\/\/api.w.org\/{rel}","templated":true}]}}