{"id":21,"date":"2025-08-28T18:30:48","date_gmt":"2025-08-28T18:30:48","guid":{"rendered":"https:\/\/sportsreunisbelfortains.fr\/?page_id=21"},"modified":"2025-09-01T20:09:29","modified_gmt":"2025-09-01T20:09:29","slug":"nos-amis-et-partenaires","status":"publish","type":"page","link":"https:\/\/sportsreunisbelfortains.fr\/?page_id=21","title":{"rendered":"Nos amis et partenaires"},"content":{"rendered":"\n<p class=\"has-medium-font-size\">Les Sports R\u00e9unis Belfortains ne sont pas seuls, et vous pourrez aussi trouver votre bonheur en termes d&rsquo;activit\u00e9s en allant regarder ce qui se passe chez nos amis !<\/p>\n\n\n\n<p class=\"has-medium-font-size\"><strong>ARTS ET LOISIRS CENTRE BENOIT FRACHON<\/strong><\/p>\n\n\n\n<p class=\"has-medium-font-size\">Ce groupement d&rsquo;associations est le pendant artistique des SRB au sein du CIE. Ils proposent de nombreuses activit\u00e9s comme par exemple : <br>&#8211; A\u00e9romod\u00e9lisme<br>&#8211; Atelier pictural<br>&#8211; Chorale<br>&#8211; Musique<br>&#8211; Photo<br>&#8211; et tant d&rsquo;autre<\/p>\n\n\n\n<div class=\"wp-block-buttons is-layout-flex wp-block-buttons-is-layout-flex\">\n<div class=\"wp-block-button\"><a class=\"wp-block-button__link wp-element-button\" href=\"https:\/\/www.cie3chenes.org\/cyberbook_33_brochure-sports-et-loisirs-2022-2023.html\" target=\"_blank\" rel=\"noreferrer noopener\">LA BROCHURE DU CIE CASCI<\/a><\/div>\n<\/div>\n","protected":false},"excerpt":{"rendered":"<p>Les Sports R\u00e9unis Belfortains ne sont pas seuls, et vous pourrez aussi trouver votre bonheur en termes d&rsquo;activit\u00e9s en allant regarder ce qui se passe chez nos amis ! ARTS ET LOISIRS CENTRE BENOIT FRACHON Ce groupement d&rsquo;associations est le pendant artistique des SRB au sein du CIE. Ils proposent de nombreuses activit\u00e9s comme par [&hellip;]<\/p>\n","protected":false},"author":1,"featured_media":0,"parent":14,"menu_order":0,"comment_status":"closed","ping_status":"closed","template":"","meta":{"footnotes":""},"class_list":["post-21","page","type-page","status-publish","hentry"],"jetpack_sharing_enabled":true,"_links":{"self":[{"href":"https:\/\/sportsreunisbelfortains.fr\/index.php?rest_route=\/wp\/v2\/pages\/21","targetHints":{"allow":["GET"]}}],"collection":[{"href":"https:\/\/sportsreunisbelfortains.fr\/index.php?rest_route=\/wp\/v2\/pages"}],"about":[{"href":"https:\/\/sportsreunisbelfortains.fr\/index.php?rest_route=\/wp\/v2\/types\/page"}],"author":[{"embeddable":true,"href":"https:\/\/sportsreunisbelfortains.fr\/index.php?rest_route=\/wp\/v2\/users\/1"}],"replies":[{"embeddable":true,"href":"https:\/\/sportsreunisbelfortains.fr\/index.php?rest_route=%2Fwp%2Fv2%2Fcomments&post=21"}],"version-history":[{"count":2,"href":"https:\/\/sportsreunisbelfortains.fr\/index.php?rest_route=\/wp\/v2\/pages\/21\/revisions"}],"predecessor-version":[{"id":96,"href":"https:\/\/sportsreunisbelfortains.fr\/index.php?rest_route=\/wp\/v2\/pages\/21\/revisions\/96"}],"up":[{"embeddable":true,"href":"https:\/\/sportsreunisbelfortains.fr\/index.php?rest_route=\/wp\/v2\/pages\/14"}],"wp:attachment":[{"href":"https:\/\/sportsreunisbelfortains.fr\/index.php?rest_route=%2Fwp%2Fv2%2Fmedia&parent=21"}],"curies":[{"name":"wp","href":"https:\/\/api.w.org\/{rel}","templated":true}]}}