{"id":23,"date":"2025-08-28T18:33:05","date_gmt":"2025-08-28T18:33:05","guid":{"rendered":"https:\/\/sportsreunisbelfortains.fr\/?page_id=23"},"modified":"2025-09-01T20:10:11","modified_gmt":"2025-09-01T20:10:11","slug":"arts-martiaux","status":"publish","type":"page","link":"https:\/\/sportsreunisbelfortains.fr\/?page_id=23","title":{"rendered":"Arts martiaux"},"content":{"rendered":"\n<h2 class=\"wp-block-heading has-theme-4-color has-text-color has-link-color wp-elements-3714fdeda20fa387a856923e98e15f3e\">Judo \/ Taiso \/ Parajudo \/ Qi Gong<\/h2>\n\n\n\n<p class=\"has-medium-font-size\">Le club participe \u00e0 de nombreux tournois et propose diff\u00e9rentes disciplines, y compris en para sport. Pour plus d&rsquo;information sur nos cr\u00e9neaux horaires, comprendre la diff\u00e9rence entre Judo, Ta\u00efso et Qi Gong, nous vous encourageons \u00e0 visiter notre site et nous contacter par email. <\/p>\n\n\n\n<div class=\"wp-block-buttons is-layout-flex wp-block-buttons-is-layout-flex\">\n<div class=\"wp-block-button\"><a class=\"wp-block-button__link wp-element-button\" href=\"https:\/\/srbelfort-judo-taiso.ffjudo.com\/\" target=\"_blank\" rel=\"noreferrer noopener\">Site Web<\/a><\/div>\n<\/div>\n\n\n\n<h3 class=\"wp-block-heading\"><\/h3>\n\n\n<dl class=\"jetpack-business-hours wp-block-jetpack-business-hours has-medium-font-size\"><div class=\"jetpack-business-hours__item\"><dt class=\"Mon\">Lundi<\/dt><dd class=\"Mon\">19:00 &#8211; 20:15<\/dd><\/div><div class=\"jetpack-business-hours__item\"><dt class=\"Tue\">Mardi<\/dt><dd class=\"Tue\">12:15 &#8211; 13:15, 19:00 &#8211; 20:45<\/dd><\/div><div class=\"jetpack-business-hours__item\"><dt class=\"Wed\">Mercredi<\/dt><dd class=\"Wed\">12:00 &#8211; 20:00<\/dd><\/div><div class=\"jetpack-business-hours__item\"><dt class=\"Thu\">Jeudi<\/dt><dd class=\"Thu\">09:30 &#8211; 11:00, 18:00 &#8211; 19:30<\/dd><\/div><div class=\"jetpack-business-hours__item\"><dt class=\"Fri\">Vendredi<\/dt><dd class=\"Fri\">17:45 &#8211; 20:30<\/dd><\/div><div class=\"jetpack-business-hours__item\"><dt class=\"Sat\">Samedi<\/dt><dd class=\"Sat\">Ferm\u00e9<\/dd><\/div><div class=\"jetpack-business-hours__item\"><dt class=\"Sun\">Dimanche<\/dt><dd class=\"Sun\">Ferm\u00e9<\/dd><\/div><\/dl>\n\n\n<div class=\"wp-block-jetpack-contact-info has-medium-font-size\">\n<div class=\"wp-block-jetpack-email\"><a href=\"mailto:judo.srb@gmail.com\">judo.srb@gmail.com<\/a><\/div>\n\n\n\n<div class=\"wp-block-jetpack-phone\"><a href=\"tel:0678492449\">06 78 49 24 49<\/a><\/div>\n\n\n\n<div class=\"wp-block-jetpack-address\"><div class=\"jetpack-address__address jetpack-address__address2\">Centre Benoit Frachon<\/div><div class=\"jetpack-address__city\">Belfort<\/div><\/div>\n<\/div>\n\n\n\n<div class=\"wp-block-group alignfull has-global-padding is-content-justification-center is-layout-constrained wp-container-core-group-is-layout-d7c7733e wp-block-group-is-layout-constrained\" style=\"margin-top:0;margin-bottom:0;padding-top:calc( 0.5 * var(--wp--style--root--padding-right, var(--wp--custom--gap--horizontal)));padding-right:var(--wp--style--root--padding-right, var(--wp--custom--gap--horizontal));padding-bottom:calc( 0.5 * var(--wp--style--root--padding-right, var(--wp--custom--gap--horizontal)));padding-left:var(--wp--style--root--padding-left, var(--wp--custom--gap--horizontal))\">\n<div style=\"height:calc( 0.25 * var(--wp--style--root--padding-right, var(--wp--custom--gap--horizontal)))\" aria-hidden=\"true\" class=\"wp-block-spacer\"><\/div>\n\n\n\n<div class=\"wp-block-group alignwide has-global-padding is-layout-constrained wp-block-group-is-layout-constrained\">\n<h2 class=\"wp-block-heading alignwide has-text-align-center is-pricing-title\">Tarification<br>(license \u00e0 la f\u00e9d\u00e9 de Judo incluse)<\/h2>\n<\/div>\n\n\n\n<div style=\"height:calc( 0.25 * var(--wp--style--root--padding-right, var(--wp--custom--gap--horizontal)))\" aria-hidden=\"true\" class=\"wp-block-spacer\"><\/div>\n\n\n\n<div class=\"wp-block-columns alignwide is-layout-flex wp-container-core-columns-is-layout-145a2ba8 wp-block-columns-is-layout-flex\">\n<div class=\"wp-block-column is-layout-flow wp-block-column-is-layout-flow\" style=\"padding-top:var(--wp--preset--spacing--10);padding-right:var(--wp--preset--spacing--10);padding-bottom:var(--wp--preset--spacing--10);padding-left:var(--wp--preset--spacing--10)\">\n<h3 class=\"wp-block-heading has-text-align-center is-pricing-tier-name has-medium-font-size\">Ayant Droit<\/h3>\n\n\n\n<div class=\"wp-block-group has-global-padding is-layout-constrained wp-container-core-group-is-layout-e099a0eb wp-block-group-is-layout-constrained\">\n<p class=\"has-text-align-center\">Judo \/ Taiso : 127 euros \/ an<br>Judo \/ Taiso \/ Qi-Gong : 227 euros \/ an<br>Qi-Gong : 127 euros \/an<\/p>\n\n\n\n<p class=\"has-text-align-center is-pricing-tier-service\">-4 euros si inscription \u00e0 une autre section<\/p>\n\n\n\n<div style=\"height:var(--wp--preset--spacing--20)\" aria-hidden=\"true\" class=\"wp-block-spacer\"><\/div>\n<\/div>\n<\/div>\n\n\n\n<div class=\"wp-block-column is-layout-flow wp-block-column-is-layout-flow\" style=\"padding-top:var(--wp--preset--spacing--10);padding-right:var(--wp--preset--spacing--10);padding-bottom:var(--wp--preset--spacing--10);padding-left:var(--wp--preset--spacing--10)\">\n<div class=\"wp-block-group has-global-padding is-layout-constrained wp-container-core-group-is-layout-e099a0eb wp-block-group-is-layout-constrained\">\n<h3 class=\"wp-block-heading has-text-align-center is-pricing-tier-name has-medium-font-size\">Ext\u00e9rieur<\/h3>\n\n\n\n<p>Judo \/ Taiso : 167 euros \/ an<br>Judo \/ Taiso \/ Qi-Gong : 267 euros \/ an<br>Qi-Gong : 167 euros \/an<\/p>\n\n\n\n<p class=\"has-text-align-center is-pricing-tier-service\">-6 euros si inscription \u00e0 une autre section<\/p>\n\n\n\n<div style=\"height:0px\" aria-hidden=\"true\" class=\"wp-block-spacer\"><\/div>\n<\/div>\n<\/div>\n<\/div>\n<\/div>\n","protected":false},"excerpt":{"rendered":"<p>Judo \/ Taiso \/ Parajudo \/ Qi Gong Le club participe \u00e0 de nombreux tournois et propose diff\u00e9rentes disciplines, y compris en para sport. Pour plus d&rsquo;information sur nos cr\u00e9neaux horaires, comprendre la diff\u00e9rence entre Judo, Ta\u00efso et Qi Gong, nous vous encourageons \u00e0 visiter notre site et nous contacter par email. Tarification(license \u00e0 la [&hellip;]<\/p>\n","protected":false},"author":1,"featured_media":0,"parent":9,"menu_order":0,"comment_status":"closed","ping_status":"closed","template":"","meta":{"footnotes":""},"class_list":["post-23","page","type-page","status-publish","hentry"],"jetpack_sharing_enabled":true,"_links":{"self":[{"href":"https:\/\/sportsreunisbelfortains.fr\/index.php?rest_route=\/wp\/v2\/pages\/23","targetHints":{"allow":["GET"]}}],"collection":[{"href":"https:\/\/sportsreunisbelfortains.fr\/index.php?rest_route=\/wp\/v2\/pages"}],"about":[{"href":"https:\/\/sportsreunisbelfortains.fr\/index.php?rest_route=\/wp\/v2\/types\/page"}],"author":[{"embeddable":true,"href":"https:\/\/sportsreunisbelfortains.fr\/index.php?rest_route=\/wp\/v2\/users\/1"}],"replies":[{"embeddable":true,"href":"https:\/\/sportsreunisbelfortains.fr\/index.php?rest_route=%2Fwp%2Fv2%2Fcomments&post=23"}],"version-history":[{"count":4,"href":"https:\/\/sportsreunisbelfortains.fr\/index.php?rest_route=\/wp\/v2\/pages\/23\/revisions"}],"predecessor-version":[{"id":97,"href":"https:\/\/sportsreunisbelfortains.fr\/index.php?rest_route=\/wp\/v2\/pages\/23\/revisions\/97"}],"up":[{"embeddable":true,"href":"https:\/\/sportsreunisbelfortains.fr\/index.php?rest_route=\/wp\/v2\/pages\/9"}],"wp:attachment":[{"href":"https:\/\/sportsreunisbelfortains.fr\/index.php?rest_route=%2Fwp%2Fv2%2Fmedia&parent=23"}],"curies":[{"name":"wp","href":"https:\/\/api.w.org\/{rel}","templated":true}]}}