{"id":30,"date":"2025-08-28T19:03:01","date_gmt":"2025-08-28T19:03:01","guid":{"rendered":"https:\/\/sportsreunisbelfortains.fr\/?page_id=30"},"modified":"2025-09-01T20:12:25","modified_gmt":"2025-09-01T20:12:25","slug":"badminton","status":"publish","type":"page","link":"https:\/\/sportsreunisbelfortains.fr\/?page_id=30","title":{"rendered":"Badminton"},"content":{"rendered":"\n<p class=\"has-medium-font-size\">Club comptant une soixantaine d&rsquo;adh\u00e9rents, tous niveaux.<\/p>\n\n\n\n<p class=\"has-medium-font-size\">Etant un club loisir, notre approche n\u2019est pas celle de la comp\u00e9tition. Nous n\u2019avons pas d\u2019entra\u00eeneur, nous ne sommes pas affili\u00e9s \u00e0 la f\u00e9d\u00e9ration, notre objectif c\u2019est : jouer, progresser, se d\u00e9penser, en restant toujours dans la bonne humeur. <\/p>\n\n\n\n<p class=\"has-medium-font-size\">Si les ados sont bienvenus en autonomie, nous ne pouvons recevoir d&rsquo;enfants que s&rsquo;ils viennent accompagn\u00e9s de leurs parents car nous n&rsquo;avons ni professeur ni \u00e9ducateur dans notre structure. <\/p>\n\n\n\n<p class=\"has-medium-font-size\">Nos bulletins d&rsquo;inscription et toutes les informations utiles sont sur notre site !<\/p>\n\n\n\n<div class=\"wp-block-buttons is-layout-flex wp-block-buttons-is-layout-flex\">\n<div class=\"wp-block-button\"><a class=\"wp-block-button__link wp-element-button\" href=\"https:\/\/badsrb.wordpress.com\/\" target=\"_blank\" rel=\"noreferrer noopener\">Site Web<\/a><\/div>\n<\/div>\n\n\n\n<h3 class=\"wp-block-heading has-medium-font-size\"><\/h3>\n\n\n<dl class=\"jetpack-business-hours wp-block-jetpack-business-hours has-medium-font-size\"><div class=\"jetpack-business-hours__item\"><dt class=\"Mon\">Lundi<\/dt><dd class=\"Mon\">12:00 &#8211; 13:45<\/dd><\/div><div class=\"jetpack-business-hours__item\"><dt class=\"Tue\">Mardi<\/dt><dd class=\"Tue\">12:00 &#8211; 13:45<\/dd><\/div><div class=\"jetpack-business-hours__item\"><dt class=\"Wed\">Mercredi<\/dt><dd class=\"Wed\">12:00 &#8211; 13:45<\/dd><\/div><div class=\"jetpack-business-hours__item\"><dt class=\"Thu\">Jeudi<\/dt><dd class=\"Thu\">12:00 &#8211; 13:45<\/dd><\/div><div class=\"jetpack-business-hours__item\"><dt class=\"Fri\">Vendredi<\/dt><dd class=\"Fri\">14:00 &#8211; 16:00<\/dd><\/div><div class=\"jetpack-business-hours__item\"><dt class=\"Sat\">Samedi<\/dt><dd class=\"Sat\">Ferm\u00e9<\/dd><\/div><div class=\"jetpack-business-hours__item\"><dt class=\"Sun\">Dimanche<\/dt><dd class=\"Sun\">Ferm\u00e9<\/dd><\/div><\/dl>\n\n\n<div class=\"wp-block-jetpack-contact-info has-medium-font-size\">\n<div class=\"wp-block-jetpack-email\"><a href=\"mailto:bad.srb22@gmail.com\">bad.srb22@gmail.com<\/a><\/div>\n\n\n\n<div class=\"wp-block-jetpack-phone\">pierre-louis.garmier@ge.com<\/div>\n\n\n\n<div class=\"wp-block-jetpack-address\"><div class=\"jetpack-address__address jetpack-address__address2\">Centre Benoit Frachon<\/div><div class=\"jetpack-address__city\">Belfort<\/div><\/div>\n<\/div>\n\n\n\n<div class=\"wp-block-group alignfull has-global-padding is-content-justification-center is-layout-constrained wp-container-core-group-is-layout-d7c7733e wp-block-group-is-layout-constrained\" style=\"margin-top:0;margin-bottom:0;padding-top:calc( 0.5 * var(--wp--style--root--padding-right, var(--wp--custom--gap--horizontal)));padding-right:var(--wp--style--root--padding-right, var(--wp--custom--gap--horizontal));padding-bottom:calc( 0.5 * var(--wp--style--root--padding-right, var(--wp--custom--gap--horizontal)));padding-left:var(--wp--style--root--padding-left, var(--wp--custom--gap--horizontal))\">\n<div style=\"height:calc( 0.25 * var(--wp--style--root--padding-right, var(--wp--custom--gap--horizontal)))\" aria-hidden=\"true\" class=\"wp-block-spacer\"><\/div>\n\n\n\n<div class=\"wp-block-group alignwide has-global-padding is-layout-constrained wp-block-group-is-layout-constrained\">\n<h2 class=\"wp-block-heading alignwide has-text-align-center is-pricing-title\">Tarification<\/h2>\n<\/div>\n\n\n\n<div style=\"height:calc( 0.25 * var(--wp--style--root--padding-right, var(--wp--custom--gap--horizontal)))\" aria-hidden=\"true\" class=\"wp-block-spacer\"><\/div>\n\n\n\n<div class=\"wp-block-columns alignwide is-layout-flex wp-container-core-columns-is-layout-145a2ba8 wp-block-columns-is-layout-flex\">\n<div class=\"wp-block-column is-layout-flow wp-block-column-is-layout-flow\" style=\"padding-top:var(--wp--preset--spacing--10);padding-right:var(--wp--preset--spacing--10);padding-bottom:var(--wp--preset--spacing--10);padding-left:var(--wp--preset--spacing--10)\">\n<h3 class=\"wp-block-heading has-text-align-center is-pricing-tier-name has-medium-font-size\">Ayant Droit \/ \u00e9tudiant<\/h3>\n\n\n\n<div class=\"wp-block-group has-global-padding is-layout-constrained wp-container-core-group-is-layout-e099a0eb wp-block-group-is-layout-constrained\">\n<div style=\"height:var(--wp--preset--spacing--20)\" aria-hidden=\"true\" class=\"wp-block-spacer\"><\/div>\n\n\n\n<h4 class=\"wp-block-heading has-text-align-center is-pricing-tier-price has-xx-large-font-size\">20 euros\/an<\/h4>\n\n\n\n<p class=\"has-text-align-center is-pricing-tier-service\">-4 euros si inscription \u00e0 une autre section<\/p>\n\n\n\n<div style=\"height:var(--wp--preset--spacing--20)\" aria-hidden=\"true\" class=\"wp-block-spacer\"><\/div>\n<\/div>\n<\/div>\n\n\n\n<div class=\"wp-block-column is-layout-flow wp-block-column-is-layout-flow\" style=\"padding-top:var(--wp--preset--spacing--10);padding-right:var(--wp--preset--spacing--10);padding-bottom:var(--wp--preset--spacing--10);padding-left:var(--wp--preset--spacing--10)\">\n<div class=\"wp-block-group has-global-padding is-layout-constrained wp-container-core-group-is-layout-e099a0eb wp-block-group-is-layout-constrained\">\n<h3 class=\"wp-block-heading has-text-align-center is-pricing-tier-name has-medium-font-size\">Ext\u00e9rieur<\/h3>\n\n\n\n<div style=\"height:var(--wp--preset--spacing--20)\" aria-hidden=\"true\" class=\"wp-block-spacer\"><\/div>\n\n\n\n<h4 class=\"wp-block-heading has-text-align-center is-pricing-tier-price has-xx-large-font-size\">30 euros\/an<\/h4>\n\n\n\n<p class=\"has-text-align-center is-pricing-tier-service\">-6 euros si inscription \u00e0 une autre section<\/p>\n\n\n\n<div style=\"height:0px\" aria-hidden=\"true\" class=\"wp-block-spacer\"><\/div>\n<\/div>\n<\/div>\n<\/div>\n<\/div>\n","protected":false},"excerpt":{"rendered":"<p>Club comptant une soixantaine d&rsquo;adh\u00e9rents, tous niveaux. Etant un club loisir, notre approche n\u2019est pas celle de la comp\u00e9tition. Nous n\u2019avons pas d\u2019entra\u00eeneur, nous ne sommes pas affili\u00e9s \u00e0 la f\u00e9d\u00e9ration, notre objectif c\u2019est : jouer, progresser, se d\u00e9penser, en restant toujours dans la bonne humeur. Si les ados sont bienvenus en autonomie, nous ne [&hellip;]<\/p>\n","protected":false},"author":1,"featured_media":0,"parent":9,"menu_order":0,"comment_status":"closed","ping_status":"closed","template":"","meta":{"footnotes":""},"class_list":["post-30","page","type-page","status-publish","hentry"],"jetpack_sharing_enabled":true,"_links":{"self":[{"href":"https:\/\/sportsreunisbelfortains.fr\/index.php?rest_route=\/wp\/v2\/pages\/30","targetHints":{"allow":["GET"]}}],"collection":[{"href":"https:\/\/sportsreunisbelfortains.fr\/index.php?rest_route=\/wp\/v2\/pages"}],"about":[{"href":"https:\/\/sportsreunisbelfortains.fr\/index.php?rest_route=\/wp\/v2\/types\/page"}],"author":[{"embeddable":true,"href":"https:\/\/sportsreunisbelfortains.fr\/index.php?rest_route=\/wp\/v2\/users\/1"}],"replies":[{"embeddable":true,"href":"https:\/\/sportsreunisbelfortains.fr\/index.php?rest_route=%2Fwp%2Fv2%2Fcomments&post=30"}],"version-history":[{"count":4,"href":"https:\/\/sportsreunisbelfortains.fr\/index.php?rest_route=\/wp\/v2\/pages\/30\/revisions"}],"predecessor-version":[{"id":99,"href":"https:\/\/sportsreunisbelfortains.fr\/index.php?rest_route=\/wp\/v2\/pages\/30\/revisions\/99"}],"up":[{"embeddable":true,"href":"https:\/\/sportsreunisbelfortains.fr\/index.php?rest_route=\/wp\/v2\/pages\/9"}],"wp:attachment":[{"href":"https:\/\/sportsreunisbelfortains.fr\/index.php?rest_route=%2Fwp%2Fv2%2Fmedia&parent=30"}],"curies":[{"name":"wp","href":"https:\/\/api.w.org\/{rel}","templated":true}]}}