{"id":35,"date":"2025-08-28T19:05:31","date_gmt":"2025-08-28T19:05:31","guid":{"rendered":"https:\/\/sportsreunisbelfortains.fr\/?page_id=35"},"modified":"2025-09-01T20:14:06","modified_gmt":"2025-09-01T20:14:06","slug":"cyclisme","status":"publish","type":"page","link":"https:\/\/sportsreunisbelfortains.fr\/?page_id=35","title":{"rendered":"Cyclisme"},"content":{"rendered":"\n<p class=\"has-medium-font-size\">Avez-vous envie de pratiquer le VTT ou le cyclotourisme ou dans la\u00a0convivialit\u00e9 ? Alors\u00a0venez d\u00e9couvrir les SRB \u00e0 v\u00e9lo, car la convivialit\u00e9 est le ma\u00eetre-mot aux SRB. Et n\u2019oublier\u00a0pas votre casque et votre bonne humeur !<\/p>\n\n\n\n<p class=\"has-medium-font-size\">Sortie VTT tous les samedis de 13h30 \u00e0 17h00, encadr\u00e9e par notre G.O.\u00a0VTT, passionn\u00e9\u00a0de v\u00e9lo. Sortie route en belle saison. Chaque ann\u00e9e nous proposons \u00e9galement des\u00a0s\u00e9jours en VTT et \/ou route qui aura tout pour vous plaire.<\/p>\n\n\n\n<p class=\"has-medium-font-size\">Le calendrier VTT\/ROUTE est disponible d\u00e8s mi-mars sur simple demande au\u00a0<a href=\"mailto:cyclovtt.srb@gmail.com\">cyclovtt.srb@gmail.com<\/a><br>Inscription \u00e0 tout moment de l&rsquo;ann\u00e9e, apr\u00e8s une s\u00e9ance d\u2019essai.<\/p>\n\n\n\n<div class=\"wp-block-buttons is-layout-flex wp-block-buttons-is-layout-flex\">\n<div class=\"wp-block-button\"><a class=\"wp-block-button__link wp-element-button\" href=\"https:\/\/www.facebook.com\/cyclovttsrb90\" target=\"_blank\" rel=\"noreferrer noopener\">Site Web<\/a><\/div>\n<\/div>\n\n\n\n<h3 class=\"wp-block-heading\"><\/h3>\n\n\n<dl class=\"jetpack-business-hours wp-block-jetpack-business-hours has-medium-font-size\"><div class=\"jetpack-business-hours__item\"><dt class=\"Mon\">Lundi<\/dt><dd class=\"Mon\">Ferm\u00e9<\/dd><\/div><div class=\"jetpack-business-hours__item\"><dt class=\"Tue\">Mardi<\/dt><dd class=\"Tue\">Ferm\u00e9<\/dd><\/div><div class=\"jetpack-business-hours__item\"><dt class=\"Wed\">Mercredi<\/dt><dd class=\"Wed\">Ferm\u00e9<\/dd><\/div><div class=\"jetpack-business-hours__item\"><dt class=\"Thu\">Jeudi<\/dt><dd class=\"Thu\">13:30 &#8211; 17:00<\/dd><\/div><div class=\"jetpack-business-hours__item\"><dt class=\"Fri\">Vendredi<\/dt><dd class=\"Fri\">Ferm\u00e9<\/dd><\/div><div class=\"jetpack-business-hours__item\"><dt class=\"Sat\">Samedi<\/dt><dd class=\"Sat\">13:30 &#8211; 17:00<\/dd><\/div><div class=\"jetpack-business-hours__item\"><dt class=\"Sun\">Dimanche<\/dt><dd class=\"Sun\">Ferm\u00e9<\/dd><\/div><\/dl>\n\n\n<div class=\"wp-block-jetpack-contact-info has-medium-font-size\">\n<div class=\"wp-block-jetpack-email\"><a href=\"mailto:cyclovtt.srb@gmail.com\">cyclovtt.srb@gmail.com<\/a><\/div>\n\n\n\n<div class=\"wp-block-jetpack-phone\"><a href=\"tel:0688555804\">06 88 55 58 04<\/a><\/div>\n\n\n\n<div class=\"wp-block-jetpack-address\"><div class=\"jetpack-address__address jetpack-address__address2\">Centre Benoit Frachon<\/div><div class=\"jetpack-address__city\">Belfort<\/div><\/div>\n<\/div>\n\n\n\n<div class=\"wp-block-group alignfull has-global-padding is-content-justification-center is-layout-constrained wp-container-core-group-is-layout-d7c7733e wp-block-group-is-layout-constrained\" style=\"margin-top:0;margin-bottom:0;padding-top:calc( 0.5 * var(--wp--style--root--padding-right, var(--wp--custom--gap--horizontal)));padding-right:var(--wp--style--root--padding-right, var(--wp--custom--gap--horizontal));padding-bottom:calc( 0.5 * var(--wp--style--root--padding-right, var(--wp--custom--gap--horizontal)));padding-left:var(--wp--style--root--padding-left, var(--wp--custom--gap--horizontal))\">\n<div style=\"height:calc( 0.25 * var(--wp--style--root--padding-right, var(--wp--custom--gap--horizontal)))\" aria-hidden=\"true\" class=\"wp-block-spacer\"><\/div>\n\n\n\n<div class=\"wp-block-group alignwide has-global-padding is-layout-constrained wp-block-group-is-layout-constrained\">\n<h2 class=\"wp-block-heading alignwide has-text-align-center is-pricing-title\">Tarification<\/h2>\n<\/div>\n\n\n\n<div style=\"height:calc( 0.25 * var(--wp--style--root--padding-right, var(--wp--custom--gap--horizontal)))\" aria-hidden=\"true\" class=\"wp-block-spacer\"><\/div>\n\n\n\n<div class=\"wp-block-columns alignwide is-layout-flex wp-container-core-columns-is-layout-145a2ba8 wp-block-columns-is-layout-flex\">\n<div class=\"wp-block-column is-layout-flow wp-block-column-is-layout-flow\" style=\"padding-top:var(--wp--preset--spacing--10);padding-right:var(--wp--preset--spacing--10);padding-bottom:var(--wp--preset--spacing--10);padding-left:var(--wp--preset--spacing--10)\">\n<h3 class=\"wp-block-heading has-text-align-center is-pricing-tier-name has-medium-font-size\">Ayant Droit<\/h3>\n\n\n\n<div class=\"wp-block-group has-global-padding is-layout-constrained wp-container-core-group-is-layout-e099a0eb wp-block-group-is-layout-constrained\">\n<div style=\"height:var(--wp--preset--spacing--20)\" aria-hidden=\"true\" class=\"wp-block-spacer\"><\/div>\n\n\n\n<h4 class=\"wp-block-heading has-text-align-center is-pricing-tier-price has-xx-large-font-size\">24 euros\/an<\/h4>\n\n\n\n<p class=\"has-text-align-center is-pricing-tier-service\">-4 euros si inscription \u00e0 une autre section<\/p>\n\n\n\n<div style=\"height:var(--wp--preset--spacing--20)\" aria-hidden=\"true\" class=\"wp-block-spacer\"><\/div>\n<\/div>\n<\/div>\n\n\n\n<div class=\"wp-block-column is-layout-flow wp-block-column-is-layout-flow\" style=\"padding-top:var(--wp--preset--spacing--10);padding-right:var(--wp--preset--spacing--10);padding-bottom:var(--wp--preset--spacing--10);padding-left:var(--wp--preset--spacing--10)\">\n<div class=\"wp-block-group has-global-padding is-layout-constrained wp-container-core-group-is-layout-e099a0eb wp-block-group-is-layout-constrained\">\n<h3 class=\"wp-block-heading has-text-align-center is-pricing-tier-name has-medium-font-size\">Ext\u00e9rieur<\/h3>\n\n\n\n<div style=\"height:var(--wp--preset--spacing--20)\" aria-hidden=\"true\" class=\"wp-block-spacer\"><\/div>\n\n\n\n<h4 class=\"wp-block-heading has-text-align-center is-pricing-tier-price has-xx-large-font-size\">36 euros\/an<\/h4>\n\n\n\n<p class=\"has-text-align-center is-pricing-tier-service\">-6 euros si inscription \u00e0 une autre section<\/p>\n\n\n\n<div style=\"height:0px\" aria-hidden=\"true\" class=\"wp-block-spacer\"><\/div>\n<\/div>\n<\/div>\n<\/div>\n\n\n\n<div style=\"height:calc( 0.25 * var(--wp--style--root--padding-right, var(--wp--custom--gap--horizontal)))\" aria-hidden=\"true\" class=\"wp-block-spacer\"><\/div>\n<\/div>\n","protected":false},"excerpt":{"rendered":"<p>Avez-vous envie de pratiquer le VTT ou le cyclotourisme ou dans la\u00a0convivialit\u00e9 ? Alors\u00a0venez d\u00e9couvrir les SRB \u00e0 v\u00e9lo, car la convivialit\u00e9 est le ma\u00eetre-mot aux SRB. Et n\u2019oublier\u00a0pas votre casque et votre bonne humeur ! Sortie VTT tous les samedis de 13h30 \u00e0 17h00, encadr\u00e9e par notre G.O.\u00a0VTT, passionn\u00e9\u00a0de v\u00e9lo. Sortie route en belle [&hellip;]<\/p>\n","protected":false},"author":1,"featured_media":0,"parent":9,"menu_order":0,"comment_status":"closed","ping_status":"closed","template":"","meta":{"footnotes":""},"class_list":["post-35","page","type-page","status-publish","hentry"],"jetpack_sharing_enabled":true,"_links":{"self":[{"href":"https:\/\/sportsreunisbelfortains.fr\/index.php?rest_route=\/wp\/v2\/pages\/35","targetHints":{"allow":["GET"]}}],"collection":[{"href":"https:\/\/sportsreunisbelfortains.fr\/index.php?rest_route=\/wp\/v2\/pages"}],"about":[{"href":"https:\/\/sportsreunisbelfortains.fr\/index.php?rest_route=\/wp\/v2\/types\/page"}],"author":[{"embeddable":true,"href":"https:\/\/sportsreunisbelfortains.fr\/index.php?rest_route=\/wp\/v2\/users\/1"}],"replies":[{"embeddable":true,"href":"https:\/\/sportsreunisbelfortains.fr\/index.php?rest_route=%2Fwp%2Fv2%2Fcomments&post=35"}],"version-history":[{"count":4,"href":"https:\/\/sportsreunisbelfortains.fr\/index.php?rest_route=\/wp\/v2\/pages\/35\/revisions"}],"predecessor-version":[{"id":103,"href":"https:\/\/sportsreunisbelfortains.fr\/index.php?rest_route=\/wp\/v2\/pages\/35\/revisions\/103"}],"up":[{"embeddable":true,"href":"https:\/\/sportsreunisbelfortains.fr\/index.php?rest_route=\/wp\/v2\/pages\/9"}],"wp:attachment":[{"href":"https:\/\/sportsreunisbelfortains.fr\/index.php?rest_route=%2Fwp%2Fv2%2Fmedia&parent=35"}],"curies":[{"name":"wp","href":"https:\/\/api.w.org\/{rel}","templated":true}]}}