{"id":37,"date":"2025-08-28T19:06:30","date_gmt":"2025-08-28T19:06:30","guid":{"rendered":"https:\/\/sportsreunisbelfortains.fr\/?page_id=37"},"modified":"2025-09-01T20:14:56","modified_gmt":"2025-09-01T20:14:56","slug":"equitation","status":"publish","type":"page","link":"https:\/\/sportsreunisbelfortains.fr\/?page_id=37","title":{"rendered":"Equitation"},"content":{"rendered":"\n<p class=\"has-medium-font-size\">La section SRB Equitation rassemble tous les&nbsp;passionn\u00e9s d\u2019\u00e9quitation et leur permet de vivre pleinement leur passion en&nbsp;leur offrant des r\u00e9ductions sur les tarifs pratiqu\u00e9s dans les centres \u00e9questres&nbsp;qui ont sign\u00e9 la convention de partenariat avec la section.<br>Comment cela fonctionne? C\u2019est simple\u2026&nbsp;L\u2019int\u00e9ress\u00e9 choisit le centre \u00e9questre o\u00f9 il veut pratiquer l\u2019\u00e9quitation; il y&nbsp;r\u00e8gle sa licence FFE et la cotisation annuelle propre \u00e0 chaque club.&nbsp;Puis moyennant une cotisation annuelle, il r\u00e8gle ses heures de monte lors des permanences&nbsp;tenues au CIE selon le planning ci-joint. Il sera alors cr\u00e9dit\u00e9 du nombre&nbsp;d\u2019heures achet\u00e9es, directement dans son centre \u00e9questre.<\/p>\n\n\n\n<h4 class=\"wp-block-heading has-medium-font-size\">Les centres \u00e9questres partenaires du SRB Equitation (liste non exhaustive)<\/h4>\n\n\n\n<ul class=\"wp-block-list\">\n<li class=\"has-small-font-size\">C.H.B \u00e0 BAVILLIERS*<\/li>\n\n\n\n<li class=\"has-small-font-size\">\u00c9quitation Passion \u00e0 CHEVREMONT<\/li>\n\n\n\n<li class=\"has-small-font-size\">Les \u00e9curies M\u00e9lodie PETIOT \u00e0 EVETTE-SALBERT<\/li>\n\n\n\n<li class=\"has-small-font-size\">Centre Hippique des Pr\u00e8s Heyd \u00e0 GIROMAGNY<\/li>\n\n\n\n<li class=\"has-small-font-size\">Man\u00e8ge des Mille \u00c9tangs \u00e0 MELISEY<\/li>\n\n\n\n<li class=\"has-small-font-size\">BSH, Centre \u00e9questre \u00e0 VALENTIGNEY<\/li>\n\n\n\n<li class=\"has-small-font-size\">L\u2019\u00e9curie des p\u2019tits Bouts \u00e0 DENNEY*<\/li>\n\n\n\n<li class=\"has-small-font-size\">\u00c9curie des Beaux Pres \u00e0 FESCHE-L&rsquo;EGLISE<\/li>\n\n\n\n<li class=\"has-small-font-size\">Hopla Geiss poney club 68 CHAVANNES SUR L&rsquo;ETANG*<\/li>\n\n\n\n<li class=\"has-small-font-size\">\u00c9curie Muringer \u00e0 ASPACH LE HAUT<\/li>\n\n\n\n<li class=\"has-small-font-size\">La ferme des Montots \u00e0 ECOT<\/li>\n<\/ul>\n\n\n\n<h4 class=\"wp-block-heading\">\u00c2ge minimum :<\/h4>\n\n\n\n<p class=\"has-medium-font-size\">2 ans pour les clubs qui pratiquent le baby-poney&nbsp;(indiqu\u00e9s par * ci-dessus), 6 ans pour les autres clubs.<\/p>\n\n\n\n<h4 class=\"wp-block-heading\">Nombre de pratiquants-adh\u00e9rents :<\/h4>\n\n\n\n<p class=\"has-medium-font-size\">Environ 100<\/p>\n\n\n\n<p class=\"has-medium-font-size\">Vous, votre conjoint ou vos enfants sont tent\u00e9s par l\u2019aventure&nbsp;\u00e9questre? Alors n\u2019h\u00e9sitez \u00e0 nous contacter et \u00e0 nous rejoindre\u2026<\/p>\n\n\n\n<div class=\"wp-block-jetpack-contact-info\">\n<div class=\"wp-block-jetpack-email\"><a href=\"mailto:SRB.equitation@outlook.fr\">SRB.equitation@outlook.fr<\/a><\/div>\n<\/div>\n\n\n\n<p class=\"has-medium-font-size\">Didier LAROCHE : 06 18 47 33 62<br>Alix MATHIA : 06 35 36 09 78<br>Genevi\u00e8ve DEVENEY : 06 31 72 02 76<\/p>\n\n\n\n<div class=\"wp-block-group alignfull has-global-padding is-content-justification-center is-layout-constrained wp-container-core-group-is-layout-d7c7733e wp-block-group-is-layout-constrained\" style=\"margin-top:0;margin-bottom:0;padding-top:calc( 0.5 * var(--wp--style--root--padding-right, var(--wp--custom--gap--horizontal)));padding-right:var(--wp--style--root--padding-right, var(--wp--custom--gap--horizontal));padding-bottom:calc( 0.5 * var(--wp--style--root--padding-right, var(--wp--custom--gap--horizontal)));padding-left:var(--wp--style--root--padding-left, var(--wp--custom--gap--horizontal))\">\n<div style=\"height:calc( 0.25 * var(--wp--style--root--padding-right, var(--wp--custom--gap--horizontal)))\" aria-hidden=\"true\" class=\"wp-block-spacer\"><\/div>\n\n\n\n<div class=\"wp-block-group alignwide has-global-padding is-layout-constrained wp-block-group-is-layout-constrained\">\n<h2 class=\"wp-block-heading alignwide has-text-align-center is-pricing-title\">Tarification<\/h2>\n<\/div>\n\n\n\n<div style=\"height:calc( 0.25 * var(--wp--style--root--padding-right, var(--wp--custom--gap--horizontal)))\" aria-hidden=\"true\" class=\"wp-block-spacer\"><\/div>\n\n\n\n<div class=\"wp-block-columns alignwide is-layout-flex wp-container-core-columns-is-layout-145a2ba8 wp-block-columns-is-layout-flex\">\n<div class=\"wp-block-column is-layout-flow wp-block-column-is-layout-flow\" style=\"padding-top:var(--wp--preset--spacing--10);padding-right:var(--wp--preset--spacing--10);padding-bottom:var(--wp--preset--spacing--10);padding-left:var(--wp--preset--spacing--10)\">\n<h3 class=\"wp-block-heading has-text-align-center is-pricing-tier-name has-medium-font-size\">Ayant Droit<\/h3>\n\n\n\n<div class=\"wp-block-group has-global-padding is-layout-constrained wp-container-core-group-is-layout-e099a0eb wp-block-group-is-layout-constrained\">\n<div style=\"height:var(--wp--preset--spacing--20)\" aria-hidden=\"true\" class=\"wp-block-spacer\"><\/div>\n\n\n\n<h4 class=\"wp-block-heading has-text-align-center is-pricing-tier-price has-xx-large-font-size\">10 euros\/an<\/h4>\n\n\n\n<p class=\"has-text-align-center is-pricing-tier-service\">-4 euros si inscription \u00e0 une autre section<\/p>\n\n\n\n<div style=\"height:var(--wp--preset--spacing--20)\" aria-hidden=\"true\" class=\"wp-block-spacer\"><\/div>\n<\/div>\n<\/div>\n\n\n\n<div class=\"wp-block-column is-layout-flow wp-block-column-is-layout-flow\" style=\"padding-top:var(--wp--preset--spacing--10);padding-right:var(--wp--preset--spacing--10);padding-bottom:var(--wp--preset--spacing--10);padding-left:var(--wp--preset--spacing--10)\">\n<div class=\"wp-block-group has-global-padding is-layout-constrained wp-container-core-group-is-layout-e099a0eb wp-block-group-is-layout-constrained\">\n<h3 class=\"wp-block-heading has-text-align-center is-pricing-tier-name has-medium-font-size\">Ext\u00e9rieur<\/h3>\n\n\n\n<div style=\"height:var(--wp--preset--spacing--20)\" aria-hidden=\"true\" class=\"wp-block-spacer\"><\/div>\n\n\n\n<h4 class=\"wp-block-heading has-text-align-center is-pricing-tier-price has-xx-large-font-size\">30 euros\/an<\/h4>\n\n\n\n<p class=\"has-text-align-center is-pricing-tier-service\">-6 euros si inscription \u00e0 une autre section<\/p>\n\n\n\n<div style=\"height:0px\" aria-hidden=\"true\" class=\"wp-block-spacer\"><\/div>\n<\/div>\n<\/div>\n<\/div>\n\n\n\n<div style=\"height:calc( 0.25 * var(--wp--style--root--padding-right, var(--wp--custom--gap--horizontal)))\" aria-hidden=\"true\" class=\"wp-block-spacer\"><\/div>\n<\/div>\n","protected":false},"excerpt":{"rendered":"<p>La section SRB Equitation rassemble tous les&nbsp;passionn\u00e9s d\u2019\u00e9quitation et leur permet de vivre pleinement leur passion en&nbsp;leur offrant des r\u00e9ductions sur les tarifs pratiqu\u00e9s dans les centres \u00e9questres&nbsp;qui ont sign\u00e9 la convention de partenariat avec la section.Comment cela fonctionne? C\u2019est simple\u2026&nbsp;L\u2019int\u00e9ress\u00e9 choisit le centre \u00e9questre o\u00f9 il veut pratiquer l\u2019\u00e9quitation; il y&nbsp;r\u00e8gle sa licence FFE [&hellip;]<\/p>\n","protected":false},"author":1,"featured_media":0,"parent":9,"menu_order":0,"comment_status":"closed","ping_status":"closed","template":"","meta":{"footnotes":""},"class_list":["post-37","page","type-page","status-publish","hentry"],"jetpack_sharing_enabled":true,"_links":{"self":[{"href":"https:\/\/sportsreunisbelfortains.fr\/index.php?rest_route=\/wp\/v2\/pages\/37","targetHints":{"allow":["GET"]}}],"collection":[{"href":"https:\/\/sportsreunisbelfortains.fr\/index.php?rest_route=\/wp\/v2\/pages"}],"about":[{"href":"https:\/\/sportsreunisbelfortains.fr\/index.php?rest_route=\/wp\/v2\/types\/page"}],"author":[{"embeddable":true,"href":"https:\/\/sportsreunisbelfortains.fr\/index.php?rest_route=\/wp\/v2\/users\/1"}],"replies":[{"embeddable":true,"href":"https:\/\/sportsreunisbelfortains.fr\/index.php?rest_route=%2Fwp%2Fv2%2Fcomments&post=37"}],"version-history":[{"count":3,"href":"https:\/\/sportsreunisbelfortains.fr\/index.php?rest_route=\/wp\/v2\/pages\/37\/revisions"}],"predecessor-version":[{"id":104,"href":"https:\/\/sportsreunisbelfortains.fr\/index.php?rest_route=\/wp\/v2\/pages\/37\/revisions\/104"}],"up":[{"embeddable":true,"href":"https:\/\/sportsreunisbelfortains.fr\/index.php?rest_route=\/wp\/v2\/pages\/9"}],"wp:attachment":[{"href":"https:\/\/sportsreunisbelfortains.fr\/index.php?rest_route=%2Fwp%2Fv2%2Fmedia&parent=37"}],"curies":[{"name":"wp","href":"https:\/\/api.w.org\/{rel}","templated":true}]}}