{"id":45,"date":"2025-08-28T19:11:35","date_gmt":"2025-08-28T19:11:35","guid":{"rendered":"https:\/\/sportsreunisbelfortains.fr\/?page_id=45"},"modified":"2025-09-01T19:57:53","modified_gmt":"2025-09-01T19:57:53","slug":"musculation-fitness","status":"publish","type":"page","link":"https:\/\/sportsreunisbelfortains.fr\/?page_id=45","title":{"rendered":"Musculation \/ Fitness"},"content":{"rendered":"\n<p class=\"has-medium-font-size\">Nous sommes une \u00e9quipe de coachs exp\u00e9riment\u00e9s et passionn\u00e9s, d\u00e9termin\u00e9s \u00e0 vous aider \u00e0 atteindre vos objectifs de remise en forme. Nous offrons des s\u00e9ances d&rsquo;entra\u00eenement personnalis\u00e9es et adapt\u00e9es \u00e0 vos besoins sp\u00e9cifiques, que vous soyez d\u00e9butant ou athl\u00e8te confirm\u00e9. <\/p>\n\n\n\n<p class=\"has-medium-font-size\"> Notre approche holistique prend en compte votre sant\u00e9 globale, votre nutrition et votre bien-\u00eatre mental pour vous aider \u00e0 atteindre une forme physique optimale. <\/p>\n\n\n\n<p class=\"has-medium-font-size\">Avec notre soutien et notre motivation, nous vous accompagnerons tout au long de votre parcours de transformation, et vous aiderons \u00e0 surmonter les obstacles et \u00e0 d\u00e9passer vos limites. <\/p>\n\n\n\n<p class=\"has-medium-font-size\">Nous offrons une vari\u00e9t\u00e9 de services de <br>&#8211; fitness (renforcement, zumba &amp; zumba step, bodybarre, sh&rsquo;bam, bodyjam, piloxing, jumping, rpm, circuit training, scupt &amp; strench)<br>&#8211; musculation <br>&#8211; aviron indoor (adultes et enfants !)<br>ainsi que des cours collectifs de qualit\u00e9 dispens\u00e9s par des professeurs.<\/p>\n\n\n\n<div class=\"wp-block-buttons is-layout-flex wp-block-buttons-is-layout-flex\">\n<div class=\"wp-block-button\"><a class=\"wp-block-button__link wp-element-button\" href=\"https:\/\/www.srb-musculation.fr\/\" target=\"_blank\" rel=\"noreferrer noopener\">Site Web<\/a><\/div>\n<\/div>\n\n\n\n<h3 class=\"wp-block-heading\"><\/h3>\n\n\n<dl class=\"jetpack-business-hours wp-block-jetpack-business-hours has-medium-font-size\"><div class=\"jetpack-business-hours__item\"><dt class=\"Mon\">Lundi<\/dt><dd class=\"Mon\">12:00 &#8211; 21:30<\/dd><\/div><div class=\"jetpack-business-hours__item\"><dt class=\"Tue\">Mardi<\/dt><dd class=\"Tue\">08:00 &#8211; 21:30<\/dd><\/div><div class=\"jetpack-business-hours__item\"><dt class=\"Wed\">Mercredi<\/dt><dd class=\"Wed\">09:00 &#8211; 21:30<\/dd><\/div><div class=\"jetpack-business-hours__item\"><dt class=\"Thu\">Jeudi<\/dt><dd class=\"Thu\">08:00 &#8211; 21:30<\/dd><\/div><div class=\"jetpack-business-hours__item\"><dt class=\"Fri\">Vendredi<\/dt><dd class=\"Fri\">09:00 &#8211; 21:30<\/dd><\/div><div class=\"jetpack-business-hours__item\"><dt class=\"Sat\">Samedi<\/dt><dd class=\"Sat\">08:00 &#8211; 17:00<\/dd><\/div><div class=\"jetpack-business-hours__item\"><dt class=\"Sun\">Dimanche<\/dt><dd class=\"Sun\">08:00 &#8211; 12:00<\/dd><\/div><\/dl>\n\n\n<div class=\"wp-block-jetpack-contact-info has-medium-font-size\">\n<div class=\"wp-block-jetpack-email\"><a href=\"mailto:srbmusculation@aol.com\">srbmusculation@aol.com<\/a><\/div>\n\n\n\n<div class=\"wp-block-jetpack-phone\"><a href=\"tel:0661926613\">06.61.92.66.13<\/a><\/div>\n\n\n\n<div class=\"wp-block-jetpack-address\"><div class=\"jetpack-address__address jetpack-address__address2\">Centre Benoit Frachon<\/div><div class=\"jetpack-address__city\">Belfort<\/div><\/div>\n<\/div>\n\n\n\n<div class=\"wp-block-jetpack-slideshow aligncenter\" data-effect=\"slide\"><div class=\"wp-block-jetpack-slideshow_container swiper\"><ul class=\"wp-block-jetpack-slideshow_swiper-wrapper swiper-wrapper\"><li class=\"wp-block-jetpack-slideshow_slide swiper-slide\"><figure><img decoding=\"async\" alt=\"\" class=\"wp-block-jetpack-slideshow_image wp-image-104\" data-id=\"104\" src=\"https:\/\/amaniyounes246.wordpress.com\/wp-content\/uploads\/2024\/09\/fitness.webp?w=1024\"\/><\/figure><\/li><\/ul><a class=\"wp-block-jetpack-slideshow_button-prev swiper-button-prev swiper-button-white\" role=\"button\"><\/a><a class=\"wp-block-jetpack-slideshow_button-next swiper-button-next swiper-button-white\" role=\"button\"><\/a><a aria-label=\"Pause Slideshow\" class=\"wp-block-jetpack-slideshow_button-pause\" role=\"button\"><\/a><div class=\"wp-block-jetpack-slideshow_pagination swiper-pagination swiper-pagination-white\"><\/div><\/div><\/div>\n","protected":false},"excerpt":{"rendered":"<p>Nous sommes une \u00e9quipe de coachs exp\u00e9riment\u00e9s et passionn\u00e9s, d\u00e9termin\u00e9s \u00e0 vous aider \u00e0 atteindre vos objectifs de remise en forme. Nous offrons des s\u00e9ances d&rsquo;entra\u00eenement personnalis\u00e9es et adapt\u00e9es \u00e0 vos besoins sp\u00e9cifiques, que vous soyez d\u00e9butant ou athl\u00e8te confirm\u00e9. Notre approche holistique prend en compte votre sant\u00e9 globale, votre nutrition et votre bien-\u00eatre mental [&hellip;]<\/p>\n","protected":false},"author":1,"featured_media":0,"parent":9,"menu_order":0,"comment_status":"closed","ping_status":"closed","template":"","meta":{"footnotes":""},"class_list":["post-45","page","type-page","status-publish","hentry"],"jetpack_sharing_enabled":true,"_links":{"self":[{"href":"https:\/\/sportsreunisbelfortains.fr\/index.php?rest_route=\/wp\/v2\/pages\/45","targetHints":{"allow":["GET"]}}],"collection":[{"href":"https:\/\/sportsreunisbelfortains.fr\/index.php?rest_route=\/wp\/v2\/pages"}],"about":[{"href":"https:\/\/sportsreunisbelfortains.fr\/index.php?rest_route=\/wp\/v2\/types\/page"}],"author":[{"embeddable":true,"href":"https:\/\/sportsreunisbelfortains.fr\/index.php?rest_route=\/wp\/v2\/users\/1"}],"replies":[{"embeddable":true,"href":"https:\/\/sportsreunisbelfortains.fr\/index.php?rest_route=%2Fwp%2Fv2%2Fcomments&post=45"}],"version-history":[{"count":4,"href":"https:\/\/sportsreunisbelfortains.fr\/index.php?rest_route=\/wp\/v2\/pages\/45\/revisions"}],"predecessor-version":[{"id":85,"href":"https:\/\/sportsreunisbelfortains.fr\/index.php?rest_route=\/wp\/v2\/pages\/45\/revisions\/85"}],"up":[{"embeddable":true,"href":"https:\/\/sportsreunisbelfortains.fr\/index.php?rest_route=\/wp\/v2\/pages\/9"}],"wp:attachment":[{"href":"https:\/\/sportsreunisbelfortains.fr\/index.php?rest_route=%2Fwp%2Fv2%2Fmedia&parent=45"}],"curies":[{"name":"wp","href":"https:\/\/api.w.org\/{rel}","templated":true}]}}