{"id":47,"date":"2025-08-28T19:12:39","date_gmt":"2025-08-28T19:12:39","guid":{"rendered":"https:\/\/sportsreunisbelfortains.fr\/?page_id=47"},"modified":"2025-09-03T19:57:38","modified_gmt":"2025-09-03T19:57:38","slug":"ski-alpin-et-randonnee","status":"publish","type":"page","link":"https:\/\/sportsreunisbelfortains.fr\/?page_id=47","title":{"rendered":"Ski alpin et randonn\u00e9e"},"content":{"rendered":"\n<p class=\"has-medium-font-size\">Le SRB ski vous propose de d\u00e9couvrir le ski de piste et les randonn\u00e9es p\u00e9destres lors de sorties, le tout en proposant de&nbsp;la location de mat\u00e9riel et d&rsquo;un g\u00eete.<br>Sorties le week-end et en semaine au Ballon d&rsquo;Alsace et dans les Alpes.<\/p>\n\n\n\n<p class=\"has-medium-font-size\">L&rsquo;essentiel des informations est disponible sur le document ci-dessous, n&rsquo;h\u00e9sitez pas \u00e0 nous contacter par mail si vous avez des questions !<\/p>\n\n\n\n<div class=\"wp-block-buttons is-layout-flex wp-block-buttons-is-layout-flex\">\n<div class=\"wp-block-button\"><a class=\"wp-block-button__link wp-element-button\" href=\"https:\/\/sportsreunisbelfortains.fr\/wp-content\/uploads\/2025\/09\/Programme-SRB-Section-Ski-2025-2026-Vers-Finale.pdf\" target=\"_blank\" rel=\"noreferrer noopener\">Programme 2025-2026<\/a><\/div>\n<\/div>\n\n\n\n<div class=\"wp-block-jetpack-contact-info has-medium-font-size\">\n<div class=\"wp-block-jetpack-email\"><a href=\"mailto:srbski@cie3chenes.org\">srbski@cie3chenes.org<\/a><\/div>\n\n\n\n<div class=\"wp-block-jetpack-phone\"><a href=\"tel:0339034227\">03 39 03 42 27<\/a><\/div>\n<\/div>\n\n\n\n<div class=\"wp-block-group alignfull has-global-padding is-content-justification-center is-layout-constrained wp-container-core-group-is-layout-d7c7733e wp-block-group-is-layout-constrained\" style=\"margin-top:0;margin-bottom:0;padding-top:calc( 0.5 * var(--wp--style--root--padding-right, var(--wp--custom--gap--horizontal)));padding-right:var(--wp--style--root--padding-right, var(--wp--custom--gap--horizontal));padding-bottom:calc( 0.5 * var(--wp--style--root--padding-right, var(--wp--custom--gap--horizontal)));padding-left:var(--wp--style--root--padding-left, var(--wp--custom--gap--horizontal))\">\n<div style=\"height:calc( 0.25 * var(--wp--style--root--padding-right, var(--wp--custom--gap--horizontal)))\" aria-hidden=\"true\" class=\"wp-block-spacer\"><\/div>\n\n\n\n<div class=\"wp-block-group alignwide has-global-padding is-layout-constrained wp-block-group-is-layout-constrained\">\n<h2 class=\"wp-block-heading alignwide has-text-align-center is-pricing-title\">Tarification<\/h2>\n<\/div>\n\n\n\n<div style=\"height:calc( 0.25 * var(--wp--style--root--padding-right, var(--wp--custom--gap--horizontal)))\" aria-hidden=\"true\" class=\"wp-block-spacer\"><\/div>\n\n\n\n<div class=\"wp-block-columns alignwide is-layout-flex wp-container-core-columns-is-layout-145a2ba8 wp-block-columns-is-layout-flex\">\n<div class=\"wp-block-column is-layout-flow wp-block-column-is-layout-flow\" style=\"padding-top:var(--wp--preset--spacing--10);padding-right:var(--wp--preset--spacing--10);padding-bottom:var(--wp--preset--spacing--10);padding-left:var(--wp--preset--spacing--10)\">\n<h3 class=\"wp-block-heading has-text-align-center is-pricing-tier-name has-medium-font-size\">Ayant Droit<\/h3>\n\n\n\n<div class=\"wp-block-group has-global-padding is-layout-constrained wp-container-core-group-is-layout-e099a0eb wp-block-group-is-layout-constrained\">\n<div style=\"height:var(--wp--preset--spacing--20)\" aria-hidden=\"true\" class=\"wp-block-spacer\"><\/div>\n\n\n\n<h4 class=\"wp-block-heading has-text-align-center is-pricing-tier-price has-xx-large-font-size\">29 euros\/an<\/h4>\n\n\n\n<p class=\"has-text-align-center is-pricing-tier-service\">-4 euros si inscription \u00e0 une autre section<\/p>\n\n\n\n<div style=\"height:var(--wp--preset--spacing--20)\" aria-hidden=\"true\" class=\"wp-block-spacer\"><\/div>\n<\/div>\n<\/div>\n\n\n\n<div class=\"wp-block-column is-layout-flow wp-block-column-is-layout-flow\" style=\"padding-top:var(--wp--preset--spacing--10);padding-right:var(--wp--preset--spacing--10);padding-bottom:var(--wp--preset--spacing--10);padding-left:var(--wp--preset--spacing--10)\">\n<div class=\"wp-block-group has-global-padding is-layout-constrained wp-container-core-group-is-layout-e099a0eb wp-block-group-is-layout-constrained\">\n<h3 class=\"wp-block-heading has-text-align-center is-pricing-tier-name has-medium-font-size\">Ext\u00e9rieur<\/h3>\n\n\n\n<div style=\"height:var(--wp--preset--spacing--20)\" aria-hidden=\"true\" class=\"wp-block-spacer\"><\/div>\n\n\n\n<h4 class=\"wp-block-heading has-text-align-center is-pricing-tier-price has-xx-large-font-size\">44 euros\/an<\/h4>\n\n\n\n<p class=\"has-text-align-center is-pricing-tier-service\">-6 euros si inscription \u00e0 une autre section<\/p>\n\n\n\n<div style=\"height:0px\" aria-hidden=\"true\" class=\"wp-block-spacer\"><\/div>\n<\/div>\n<\/div>\n<\/div>\n\n\n\n<div style=\"height:calc( 0.25 * var(--wp--style--root--padding-right, var(--wp--custom--gap--horizontal)))\" aria-hidden=\"true\" class=\"wp-block-spacer\"><\/div>\n<\/div>\n","protected":false},"excerpt":{"rendered":"<p>Le SRB ski vous propose de d\u00e9couvrir le ski de piste et les randonn\u00e9es p\u00e9destres lors de sorties, le tout en proposant de&nbsp;la location de mat\u00e9riel et d&rsquo;un g\u00eete.Sorties le week-end et en semaine au Ballon d&rsquo;Alsace et dans les Alpes. L&rsquo;essentiel des informations est disponible sur le document ci-dessous, n&rsquo;h\u00e9sitez pas \u00e0 nous contacter [&hellip;]<\/p>\n","protected":false},"author":1,"featured_media":0,"parent":9,"menu_order":0,"comment_status":"closed","ping_status":"closed","template":"","meta":{"footnotes":""},"class_list":["post-47","page","type-page","status-publish","hentry"],"jetpack_sharing_enabled":true,"_links":{"self":[{"href":"https:\/\/sportsreunisbelfortains.fr\/index.php?rest_route=\/wp\/v2\/pages\/47","targetHints":{"allow":["GET"]}}],"collection":[{"href":"https:\/\/sportsreunisbelfortains.fr\/index.php?rest_route=\/wp\/v2\/pages"}],"about":[{"href":"https:\/\/sportsreunisbelfortains.fr\/index.php?rest_route=\/wp\/v2\/types\/page"}],"author":[{"embeddable":true,"href":"https:\/\/sportsreunisbelfortains.fr\/index.php?rest_route=\/wp\/v2\/users\/1"}],"replies":[{"embeddable":true,"href":"https:\/\/sportsreunisbelfortains.fr\/index.php?rest_route=%2Fwp%2Fv2%2Fcomments&post=47"}],"version-history":[{"count":5,"href":"https:\/\/sportsreunisbelfortains.fr\/index.php?rest_route=\/wp\/v2\/pages\/47\/revisions"}],"predecessor-version":[{"id":169,"href":"https:\/\/sportsreunisbelfortains.fr\/index.php?rest_route=\/wp\/v2\/pages\/47\/revisions\/169"}],"up":[{"embeddable":true,"href":"https:\/\/sportsreunisbelfortains.fr\/index.php?rest_route=\/wp\/v2\/pages\/9"}],"wp:attachment":[{"href":"https:\/\/sportsreunisbelfortains.fr\/index.php?rest_route=%2Fwp%2Fv2%2Fmedia&parent=47"}],"curies":[{"name":"wp","href":"https:\/\/api.w.org\/{rel}","templated":true}]}}