{"id":49,"date":"2025-08-28T19:13:32","date_gmt":"2025-08-28T19:13:32","guid":{"rendered":"https:\/\/sportsreunisbelfortains.fr\/?page_id=49"},"modified":"2025-09-06T12:47:53","modified_gmt":"2025-09-06T12:47:53","slug":"ski-de-fond","status":"publish","type":"page","link":"https:\/\/sportsreunisbelfortains.fr\/?page_id=49","title":{"rendered":"Ski de fond"},"content":{"rendered":"\n<p class=\"has-medium-font-size\">L&rsquo;hiver va finir par se rapprocher, les inscriptions \u00e0 la section commencent d\u00e8s maintenant ! <br>Ouvert \u00e0 tous les niveaux. Ski libre ou en groupe selon le niveau, les envies ou les affinit\u00e9s. Il n\u2019y aura pas d\u2019encadrement.  Le nombre de place sera limit\u00e9. <\/p>\n\n\n\n<p class=\"has-medium-font-size\">Pour recevoir nos informations, nous vous recommandons de nous contacter par mail, nous vous ajouterons alors \u00e0 notre mailing list et notre groupe WhatsApp. <\/p>\n\n\n\n<p class=\"has-medium-font-size\">Voici les activit\u00e9s que nous proposons:<\/p>\n\n\n\n<p class=\"has-medium-font-size\"><strong>Weekends<\/strong>:<\/p>\n\n\n\n<ul class=\"wp-block-list has-medium-font-size\">\n<li>3 weekends sont propos\u00e9s :\n<ul class=\"wp-block-list\">\n<li>17\/18 janvier 2026, aux Fourgs <\/li>\n\n\n\n<li>5\/6\/7\/8 mars 2026, \u00e0 Fiesch (Suisse), conjointement avec le SRB Ski Alpin<\/li>\n\n\n\n<li>27\/28\/29 mars 2026, \u00e0 Valbella (Suisse), conjointement avec le SRB Ski Alpin<\/li>\n<\/ul>\n<\/li>\n\n\n\n<li>Prix : le forfait weekend, les repas samedi et dimanche midi (hors boissons), demi-pension samedi soir. Il ne comprend pas les transports, la location de ski, les cours \u00e0 l\u2019ESF. Les prix seront communiqu\u00e9s prochainement par mail et sur notre groupe WhatsApp<\/li>\n\n\n\n<li>Les inscriptions aux Weekends se font par mail en indiquant le nombre de personnes (adultes et enfants). Des permanences seront communiqu\u00e9es pour nous faire parvenir le ch\u00e8que d\u2019acompte. Plus d\u2019informations \u00e0 venir prochainement !<\/li>\n<\/ul>\n\n\n\n<p class=\"has-medium-font-size\"><strong>Sorties \u00e0 la journ\u00e9e:<\/strong><\/p>\n\n\n\n<ul class=\"wp-block-list has-medium-font-size\">\n<li>Les sorties \u00e0 la journ\u00e9e seront propos\u00e9es spontan\u00e9ment en fonction de l\u2019enneigement, et auront lieu dans les stations locales (Vosges, Jura, Suisse).<\/li>\n\n\n\n<li>Prix: La section prendra en charge uniquement le forfait \u00e0 la journ\u00e9e.<\/li>\n<\/ul>\n\n\n\n<p class=\"has-medium-font-size\"><strong>R\u00e9ductions<\/strong>:<\/p>\n\n\n\n<p class=\"has-medium-font-size\">Remboursement possible jusqu&rsquo;\u00e0 50\u20ac \/ personne sur les forfaits de ski de fond pris en station, en dehors des sorties de la section. <\/p>\n\n\n\n<div class=\"wp-block-jetpack-contact-info has-medium-font-size\">\n<div class=\"wp-block-jetpack-email\"><a href=\"mailto:srbskidefond@gmail.com\">srbskidefond@gmail.com<\/a>\n\n<\/div>\n<\/div>\n\n\n\n<p class=\"has-medium-font-size\">Augustin JACQUELIN, pr\u00e9sident<br>Marine CLAUDEL, tr\u00e9sori\u00e8re<\/p>\n\n\n\n<div class=\"wp-block-group alignfull has-global-padding is-content-justification-center is-layout-constrained wp-container-core-group-is-layout-d7c7733e wp-block-group-is-layout-constrained\" style=\"margin-top:0;margin-bottom:0;padding-top:calc( 0.5 * var(--wp--style--root--padding-right, var(--wp--custom--gap--horizontal)));padding-right:var(--wp--style--root--padding-right, var(--wp--custom--gap--horizontal));padding-bottom:calc( 0.5 * var(--wp--style--root--padding-right, var(--wp--custom--gap--horizontal)));padding-left:var(--wp--style--root--padding-left, var(--wp--custom--gap--horizontal))\">\n<div style=\"height:calc( 0.25 * var(--wp--style--root--padding-right, var(--wp--custom--gap--horizontal)))\" aria-hidden=\"true\" class=\"wp-block-spacer\"><\/div>\n\n\n\n<div class=\"wp-block-group alignwide has-global-padding is-layout-constrained wp-block-group-is-layout-constrained\">\n<h2 class=\"wp-block-heading alignwide has-text-align-center is-pricing-title\">Tarification<\/h2>\n<\/div>\n\n\n\n<div style=\"height:calc( 0.25 * var(--wp--style--root--padding-right, var(--wp--custom--gap--horizontal)))\" aria-hidden=\"true\" class=\"wp-block-spacer\"><\/div>\n\n\n\n<div class=\"wp-block-columns alignwide is-layout-flex wp-container-core-columns-is-layout-145a2ba8 wp-block-columns-is-layout-flex\">\n<div class=\"wp-block-column is-layout-flow wp-block-column-is-layout-flow\" style=\"padding-top:var(--wp--preset--spacing--10);padding-right:var(--wp--preset--spacing--10);padding-bottom:var(--wp--preset--spacing--10);padding-left:var(--wp--preset--spacing--10)\">\n<h3 class=\"wp-block-heading has-text-align-center is-pricing-tier-name has-medium-font-size\">Ayant Droit \/ \u00e9tudiant<\/h3>\n\n\n\n<div class=\"wp-block-group has-global-padding is-layout-constrained wp-container-core-group-is-layout-e099a0eb wp-block-group-is-layout-constrained\">\n<div style=\"height:var(--wp--preset--spacing--20)\" aria-hidden=\"true\" class=\"wp-block-spacer\"><\/div>\n\n\n\n<h4 class=\"wp-block-heading has-text-align-center is-pricing-tier-price has-xx-large-font-size\">15<br>euros\/an<\/h4>\n\n\n\n<p class=\"has-text-align-center is-pricing-tier-service\">-4 euros si inscription \u00e0 une autre section<\/p>\n\n\n\n<div style=\"height:var(--wp--preset--spacing--20)\" aria-hidden=\"true\" class=\"wp-block-spacer\"><\/div>\n<\/div>\n<\/div>\n\n\n\n<div class=\"wp-block-column is-layout-flow wp-block-column-is-layout-flow\" style=\"padding-top:var(--wp--preset--spacing--10);padding-right:var(--wp--preset--spacing--10);padding-bottom:var(--wp--preset--spacing--10);padding-left:var(--wp--preset--spacing--10)\">\n<div class=\"wp-block-group has-global-padding is-layout-constrained wp-container-core-group-is-layout-e099a0eb wp-block-group-is-layout-constrained\">\n<h3 class=\"wp-block-heading has-text-align-center is-pricing-tier-name has-medium-font-size\">Ext\u00e9rieur<\/h3>\n\n\n\n<div style=\"height:var(--wp--preset--spacing--20)\" aria-hidden=\"true\" class=\"wp-block-spacer\"><\/div>\n\n\n\n<h4 class=\"wp-block-heading has-text-align-center is-pricing-tier-price has-xx-large-font-size\">30 euros\/an<\/h4>\n\n\n\n<p class=\"has-text-align-center is-pricing-tier-service\">-6 euros si inscription \u00e0 une autre section<\/p>\n\n\n\n<div style=\"height:0px\" aria-hidden=\"true\" class=\"wp-block-spacer\"><\/div>\n<\/div>\n<\/div>\n<\/div>\n\n\n\n<div style=\"height:calc( 0.25 * var(--wp--style--root--padding-right, var(--wp--custom--gap--horizontal)))\" aria-hidden=\"true\" class=\"wp-block-spacer\"><\/div>\n<\/div>\n","protected":false},"excerpt":{"rendered":"<p>L&rsquo;hiver va finir par se rapprocher, les inscriptions \u00e0 la section commencent d\u00e8s maintenant ! Ouvert \u00e0 tous les niveaux. Ski libre ou en groupe selon le niveau, les envies ou les affinit\u00e9s. Il n\u2019y aura pas d\u2019encadrement. Le nombre de place sera limit\u00e9. Pour recevoir nos informations, nous vous recommandons de nous contacter par [&hellip;]<\/p>\n","protected":false},"author":1,"featured_media":0,"parent":9,"menu_order":0,"comment_status":"closed","ping_status":"closed","template":"","meta":{"footnotes":""},"class_list":["post-49","page","type-page","status-publish","hentry"],"jetpack_sharing_enabled":true,"_links":{"self":[{"href":"https:\/\/sportsreunisbelfortains.fr\/index.php?rest_route=\/wp\/v2\/pages\/49","targetHints":{"allow":["GET"]}}],"collection":[{"href":"https:\/\/sportsreunisbelfortains.fr\/index.php?rest_route=\/wp\/v2\/pages"}],"about":[{"href":"https:\/\/sportsreunisbelfortains.fr\/index.php?rest_route=\/wp\/v2\/types\/page"}],"author":[{"embeddable":true,"href":"https:\/\/sportsreunisbelfortains.fr\/index.php?rest_route=\/wp\/v2\/users\/1"}],"replies":[{"embeddable":true,"href":"https:\/\/sportsreunisbelfortains.fr\/index.php?rest_route=%2Fwp%2Fv2%2Fcomments&post=49"}],"version-history":[{"count":8,"href":"https:\/\/sportsreunisbelfortains.fr\/index.php?rest_route=\/wp\/v2\/pages\/49\/revisions"}],"predecessor-version":[{"id":183,"href":"https:\/\/sportsreunisbelfortains.fr\/index.php?rest_route=\/wp\/v2\/pages\/49\/revisions\/183"}],"up":[{"embeddable":true,"href":"https:\/\/sportsreunisbelfortains.fr\/index.php?rest_route=\/wp\/v2\/pages\/9"}],"wp:attachment":[{"href":"https:\/\/sportsreunisbelfortains.fr\/index.php?rest_route=%2Fwp%2Fv2%2Fmedia&parent=49"}],"curies":[{"name":"wp","href":"https:\/\/api.w.org\/{rel}","templated":true}]}}