{"id":9,"date":"2025-08-28T18:10:11","date_gmt":"2025-08-28T18:10:11","guid":{"rendered":"https:\/\/sportsreunisbelfortains.fr\/?page_id=9"},"modified":"2025-09-03T11:59:39","modified_gmt":"2025-09-03T11:59:39","slug":"sections-sportives","status":"publish","type":"page","link":"https:\/\/sportsreunisbelfortains.fr\/?page_id=9","title":{"rendered":"Sections sportives"},"content":{"rendered":"\n<div class=\"wp-block-group alignfull has-global-padding is-content-justification-center is-layout-constrained wp-container-core-group-is-layout-df757ecc wp-block-group-is-layout-constrained\" style=\"margin-top:0;margin-bottom:0;padding-top:calc( 0.5 * var(--wp--style--root--padding-right, var(--wp--custom--gap--horizontal)));padding-right:var(--wp--style--root--padding-right, var(--wp--custom--gap--horizontal));padding-bottom:calc( 0.5 * var(--wp--style--root--padding-right, var(--wp--custom--gap--horizontal)));padding-left:var(--wp--style--root--padding-left, var(--wp--custom--gap--horizontal))\">\n<p class=\"has-medium-font-size\">Retrouvez ici l&rsquo;int\u00e9gralit\u00e9 de nos sections sportives. Cliquez sur les images pour acc\u00e9der \u00e0 la page de chaque section. <\/p>\n\n\n\n<p class=\"has-medium-font-size\">Pour avoir une id\u00e9e de quelle activit\u00e9 est disponible en fonction de votre planning, un calendrier hebdomadaire est affich\u00e9 au bas de cette page (pensez \u00e0 contacter les sections qui vous int\u00e9ressent pour avoir confirmation des cr\u00e9neaux).<\/p>\n<\/div>\n\n\n\n<div class=\"wp-block-group is-nowrap is-layout-flex wp-container-core-group-is-layout-6c531013 wp-block-group-is-layout-flex\">\n<figure class=\"wp-block-image size-medium\"><a href=\"https:\/\/sportsreunisbelfortains.fr\/?page_id=23\"><img decoding=\"async\" src=\"https:\/\/amaniyounes246.wordpress.com\/wp-content\/uploads\/2025\/08\/arts-martiaux.png?w=300\" alt=\"\" class=\"wp-image-315\" style=\"aspect-ratio:1;object-fit:cover\"\/><\/a><\/figure>\n\n\n\n<figure class=\"wp-block-image size-medium\"><a href=\"https:\/\/sportsreunisbelfortains.fr\/?page_id=41\"><img decoding=\"async\" src=\"https:\/\/amaniyounes246.wordpress.com\/wp-content\/uploads\/2024\/09\/golf-3-copy-1.jpg?w=300\" alt=\"\" class=\"wp-image-153\" style=\"aspect-ratio:1;object-fit:cover\"\/><\/a><\/figure>\n\n\n\n<figure class=\"wp-block-image size-medium\"><a href=\"https:\/\/sportsreunisbelfortains.fr\/?page_id=30\"><img decoding=\"async\" src=\"https:\/\/amaniyounes246.wordpress.com\/wp-content\/uploads\/2024\/09\/badminton-10.jpg?w=300\" alt=\"\" class=\"wp-image-158\" style=\"aspect-ratio:1;object-fit:cover\"\/><\/a><\/figure>\n<\/div>\n\n\n\n<div class=\"wp-block-group is-nowrap is-layout-flex wp-container-core-group-is-layout-6c531013 wp-block-group-is-layout-flex\">\n<figure class=\"wp-block-image size-medium\"><a href=\"https:\/\/sportsreunisbelfortains.fr\/?page_id=45\"><img decoding=\"async\" src=\"https:\/\/amaniyounes246.wordpress.com\/wp-content\/uploads\/2024\/09\/musculation.jpg?w=300\" alt=\"\" class=\"wp-image-152\" style=\"aspect-ratio:1;object-fit:cover\"\/><\/a><\/figure>\n\n\n\n<figure class=\"wp-block-image size-medium\"><a href=\"https:\/\/sportsreunisbelfortains.fr\/?page_id=35\"><img decoding=\"async\" src=\"https:\/\/amaniyounes246.wordpress.com\/wp-content\/uploads\/2024\/09\/cyclisme-2.jpg?w=300\" alt=\"\" class=\"wp-image-156\" style=\"aspect-ratio:1;object-fit:cover\"\/><\/a><\/figure>\n\n\n\n<figure class=\"wp-block-image size-medium\"><a href=\"https:\/\/sportsreunisbelfortains.fr\/?page_id=53\"><img decoding=\"async\" src=\"https:\/\/amaniyounes246.wordpress.com\/wp-content\/uploads\/2024\/09\/tennis-de-table-3.jpg?w=300\" alt=\"\" class=\"wp-image-161\" style=\"aspect-ratio:1;object-fit:cover\"\/><\/a><\/figure>\n<\/div>\n\n\n\n<div class=\"wp-block-group is-nowrap is-layout-flex wp-container-core-group-is-layout-6c531013 wp-block-group-is-layout-flex\">\n<figure class=\"wp-block-image size-medium\"><a href=\"https:\/\/sportsreunisbelfortains.fr\/?page_id=59\"><img decoding=\"async\" src=\"https:\/\/amaniyounes246.wordpress.com\/wp-content\/uploads\/2024\/09\/tir-a-l-arc.jpg?w=300\" alt=\"\" class=\"wp-image-151\" style=\"aspect-ratio:1;object-fit:cover\"\/><\/a><\/figure>\n\n\n\n<figure class=\"wp-block-image size-medium\"><a href=\"https:\/\/sportsreunisbelfortains.fr\/?page_id=37\"><img decoding=\"async\" src=\"https:\/\/amaniyounes246.wordpress.com\/wp-content\/uploads\/2024\/09\/horse-2398371_1920.jpg?w=300\" alt=\"\" class=\"wp-image-155\" style=\"aspect-ratio:1;object-fit:cover\"\/><\/a><\/figure>\n\n\n\n<figure class=\"wp-block-image size-medium\"><a href=\"https:\/\/sportsreunisbelfortains.fr\/?page_id=49\"><img decoding=\"async\" src=\"https:\/\/amaniyounes246.wordpress.com\/wp-content\/uploads\/2024\/09\/ski-de-fond-1.jpg?w=300\" alt=\"\" class=\"wp-image-150\" style=\"aspect-ratio:1;object-fit:cover\"\/><\/a><\/figure>\n<\/div>\n\n\n\n<div class=\"wp-block-group is-nowrap is-layout-flex wp-container-core-group-is-layout-6c531013 wp-block-group-is-layout-flex\">\n<figure class=\"wp-block-image size-medium\"><a href=\"https:\/\/sportsreunisbelfortains.fr\/?page_id=43\"><img decoding=\"async\" src=\"https:\/\/amaniyounes246.wordpress.com\/wp-content\/uploads\/2024\/09\/gym.jpg?w=300\" alt=\"\" class=\"wp-image-160\" style=\"aspect-ratio:1;object-fit:cover\"\/><\/a><\/figure>\n\n\n\n<figure class=\"wp-block-image size-medium\"><a href=\"https:\/\/sportsreunisbelfortains.fr\/?page_id=33\"><img decoding=\"async\" src=\"https:\/\/amaniyounes246.wordpress.com\/wp-content\/uploads\/2024\/09\/course-a-pied-1-copy-1.jpg?w=300\" alt=\"\" class=\"wp-image-157\" style=\"aspect-ratio:1;object-fit:cover\"\/><\/a><\/figure>\n\n\n\n<figure class=\"wp-block-image size-medium\"><a href=\"https:\/\/sportsreunisbelfortains.fr\/?page_id=51\"><img decoding=\"async\" src=\"https:\/\/amaniyounes246.wordpress.com\/wp-content\/uploads\/2024\/09\/tennis.jpg?w=300\" alt=\"\" class=\"wp-image-168\" style=\"aspect-ratio:1;object-fit:cover\"\/><\/a><\/figure>\n<\/div>\n\n\n\n<figure class=\"wp-block-image size-thumbnail is-resized wp-container-content-69bc4bdf\"><a href=\"https:\/\/sportsreunisbelfortains.fr\/?page_id=47\"><img decoding=\"async\" src=\"https:\/\/amaniyounes246.wordpress.com\/wp-content\/uploads\/2024\/09\/ski-3.jpg?w=150\" alt=\"\" class=\"wp-image-162\" style=\"aspect-ratio:1;object-fit:cover;width:195px;height:auto\"\/><\/a><\/figure>\n\n\n\n<p class=\"wp-container-content-5f80b302\"><\/p>\n\n\n\n<figure class=\"wp-block-image alignfull size-full\"><img decoding=\"async\" src=\"https:\/\/amaniyounes246.wordpress.com\/wp-content\/uploads\/2025\/08\/planning-2.png\" alt=\"\" class=\"wp-image-325\"\/><\/figure>\n","protected":false},"excerpt":{"rendered":"<p>Retrouvez ici l&rsquo;int\u00e9gralit\u00e9 de nos sections sportives. Cliquez sur les images pour acc\u00e9der \u00e0 la page de chaque section. Pour avoir une id\u00e9e de quelle activit\u00e9 est disponible en fonction de votre planning, un calendrier hebdomadaire est affich\u00e9 au bas de cette page (pensez \u00e0 contacter les sections qui vous int\u00e9ressent pour avoir confirmation des [&hellip;]<\/p>\n","protected":false},"author":1,"featured_media":0,"parent":0,"menu_order":2,"comment_status":"closed","ping_status":"closed","template":"","meta":{"footnotes":""},"class_list":["post-9","page","type-page","status-publish","hentry"],"jetpack_sharing_enabled":true,"_links":{"self":[{"href":"https:\/\/sportsreunisbelfortains.fr\/index.php?rest_route=\/wp\/v2\/pages\/9","targetHints":{"allow":["GET"]}}],"collection":[{"href":"https:\/\/sportsreunisbelfortains.fr\/index.php?rest_route=\/wp\/v2\/pages"}],"about":[{"href":"https:\/\/sportsreunisbelfortains.fr\/index.php?rest_route=\/wp\/v2\/types\/page"}],"author":[{"embeddable":true,"href":"https:\/\/sportsreunisbelfortains.fr\/index.php?rest_route=\/wp\/v2\/users\/1"}],"replies":[{"embeddable":true,"href":"https:\/\/sportsreunisbelfortains.fr\/index.php?rest_route=%2Fwp%2Fv2%2Fcomments&post=9"}],"version-history":[{"count":10,"href":"https:\/\/sportsreunisbelfortains.fr\/index.php?rest_route=\/wp\/v2\/pages\/9\/revisions"}],"predecessor-version":[{"id":160,"href":"https:\/\/sportsreunisbelfortains.fr\/index.php?rest_route=\/wp\/v2\/pages\/9\/revisions\/160"}],"wp:attachment":[{"href":"https:\/\/sportsreunisbelfortains.fr\/index.php?rest_route=%2Fwp%2Fv2%2Fmedia&parent=9"}],"curies":[{"name":"wp","href":"https:\/\/api.w.org\/{rel}","templated":true}]}}